{"id":19,"date":"2014-08-26T09:46:24","date_gmt":"2014-08-26T07:46:24","guid":{"rendered":"http:\/\/www.osteopathie-sport.com\/wp\/?page_id=19"},"modified":"2023-02-13T22:30:53","modified_gmt":"2023-02-13T20:30:53","slug":"amerikanische-chiropraktik","status":"publish","type":"page","link":"https:\/\/www.osteopathie-sport.com\/?page_id=19","title":{"rendered":"US-amerik. Chiropraktik"},"content":{"rendered":"<p>\u00c4hnlich wie auch in der Osteopathie setzt der Chiropraktiker Impulse, welche den K\u00f6rper des Patienten dazu veranlassen, sich selbst zu heilen.<br \/>\nHierbei ist es sehr wichtig den Patienten genauestens zu untersuchen und die Krankheitsgeschichte zu studieren.<\/p>\n<p>Durch sanfte Impulse werden Subluxationen der kn\u00f6chernen Strukturen justiert und somit der Druck von den Nerven genommen, so dass diese ihre normale Funktion wieder \u00fcbernehmen k\u00f6nnen.<\/p>\n<p>Dazu bedient sich der Chiropraktiker dem Eigengewicht des Patienten ohne heftige und ruckartige Drehbewegungen aus\u00fcben zu m\u00fcssen.<br \/>\nDies ist eine ganzheitliche und sanfte manuelle Methode, wobei allerdings diagnostische Massnahmen wie z.B. das R\u00f6ntgen nicht vernachl\u00e4ssigt werden d\u00fcrfen.<br \/>\nKontraindikationen: Gallenkoliken, akute entz\u00fcndliche Gelenkprozesse, Herzschw\u00e4che, b\u00f6sartige Tumoren, Gef\u00e4\u00dfverschl\u00fcsse, frische Frakturen, Blutererkrankung.<\/p>\n<p><img loading=\"lazy\" decoding=\"async\" class=\"aligncenter\" src=\"http:\/\/www.osteopathie-sport.com\/wp-content\/uploads\/2019\/11\/2019-11-06-10.07.53-1024x576.jpg\" alt=\"Dieses Bild hat ein leeres Alt-Attribut. Der Dateiname ist 2019-11-06-10.07.53-1024x576.jpg\" width=\"468\" height=\"263\" \/><\/p>\n<p><a href=\"http:\/\/www.osteopathie-sport.com\/wp-content\/uploads\/2014\/08\/Fotolia_55618518_XS.jpg\"><img loading=\"lazy\" decoding=\"async\" class=\"aligncenter  wp-image-91\" src=\"http:\/\/www.osteopathie-sport.com\/wp-content\/uploads\/2014\/08\/Fotolia_55618518_XS.jpg\" alt=\"R\u00fcckenmanipulation\" width=\"468\" height=\"313\" srcset=\"https:\/\/www.osteopathie-sport.com\/wp-content\/uploads\/2014\/08\/Fotolia_55618518_XS.jpg 424w, https:\/\/www.osteopathie-sport.com\/wp-content\/uploads\/2014\/08\/Fotolia_55618518_XS-300x200.jpg 300w\" sizes=\"auto, (max-width: 468px) 100vw, 468px\" \/><\/a><\/p>\n","protected":false},"excerpt":{"rendered":"<p>\u00c4hnlich wie auch in der Osteopathie setzt der Chiropraktiker Impulse, welche den K\u00f6rper des Patienten dazu veranlassen, sich selbst zu heilen. Hierbei ist es sehr wichtig den Patienten genauestens zu &#8230;<\/p>\n","protected":false},"author":1,"featured_media":0,"parent":0,"menu_order":0,"comment_status":"closed","ping_status":"open","template":"","meta":{"footnotes":""},"class_list":["post-19","page","type-page","status-publish","hentry"],"_links":{"self":[{"href":"https:\/\/www.osteopathie-sport.com\/index.php?rest_route=\/wp\/v2\/pages\/19","targetHints":{"allow":["GET"]}}],"collection":[{"href":"https:\/\/www.osteopathie-sport.com\/index.php?rest_route=\/wp\/v2\/pages"}],"about":[{"href":"https:\/\/www.osteopathie-sport.com\/index.php?rest_route=\/wp\/v2\/types\/page"}],"author":[{"embeddable":true,"href":"https:\/\/www.osteopathie-sport.com\/index.php?rest_route=\/wp\/v2\/users\/1"}],"replies":[{"embeddable":true,"href":"https:\/\/www.osteopathie-sport.com\/index.php?rest_route=%2Fwp%2Fv2%2Fcomments&post=19"}],"version-history":[{"count":14,"href":"https:\/\/www.osteopathie-sport.com\/index.php?rest_route=\/wp\/v2\/pages\/19\/revisions"}],"predecessor-version":[{"id":206,"href":"https:\/\/www.osteopathie-sport.com\/index.php?rest_route=\/wp\/v2\/pages\/19\/revisions\/206"}],"wp:attachment":[{"href":"https:\/\/www.osteopathie-sport.com\/index.php?rest_route=%2Fwp%2Fv2%2Fmedia&parent=19"}],"curies":[{"name":"wp","href":"https:\/\/api.w.org\/{rel}","templated":true}]}}