{"id":14,"date":"2014-08-26T09:40:09","date_gmt":"2014-08-26T07:40:09","guid":{"rendered":"http:\/\/www.osteopathie-sport.com\/wp\/?page_id=14"},"modified":"2023-02-13T22:30:52","modified_gmt":"2023-02-13T20:30:52","slug":"impressum","status":"publish","type":"page","link":"https:\/\/www.osteopathie-sport.com\/?page_id=14","title":{"rendered":"Impressum"},"content":{"rendered":"<p>Aufsichtsbeh\u00f6rde: Gesundheitsamt Bergheim<br \/>\nBerufsbezeichnung: Heilpraktiker Ph. Markus Weis<\/p>\n<p>Osteopathie und amerikanische Chiropraktik<br \/>\nAnschrift: Vogelsanger Weg 6, 50354 H\u00fcrth. 02233-9390454<\/p>\n<p><a href=\"mailto:info@osteopathie-sport.com\">info@osteopathie-sport.com<\/a><\/p>\n<p>Berufsverband:<\/p>\n<p>EFDMA<\/p>\n<p>Lerchenfelder Stra\u00dfe 66-68<\/p>\n<p>A-1080 Wien<\/p>\n<p><a href=\"http:\/\/www.osteopathie-sport.com\/wp-content\/uploads\/2014\/08\/EFDMA_LOGO_MEMBER_RGB_72dpi_web.jpg\"><img loading=\"lazy\" decoding=\"async\" class=\"aligncenter size-full wp-image-164\" src=\"http:\/\/www.osteopathie-sport.com\/wp-content\/uploads\/2014\/08\/EFDMA_LOGO_MEMBER_RGB_72dpi_web.jpg\" alt=\"\" width=\"284\" height=\"69\" \/><\/a><\/p>\n<p>Zertifizierung nach den Kriterien der SHZ: Zertifizierungs-Nummer 880 USt.-IdNr.<br \/>\nHeilkundliche T\u00e4tigkeit befreit von der Umsatzsteuer gem\u00e4\u00df \u00a7 4 Nr.14 UStG<br \/>\nBerufsrechtliche Regelungen<br \/>\nGesetz \u00fcber die berufsm\u00e4\u00dfige Aus\u00fcbung der Heilkunde ohne \u00e4rztliche Bestallung (Heilpraktikergesetz)<br \/>\n1. Durchf\u00fchrungsverordnung zum Gesetz<\/p>\n<p>Haftung f\u00fcr Links<br \/>\nTrotz sorgf\u00e4ltiger inhaltlicher Kontrolle \u00fcbernehmen wir keine Haftung f\u00fcr die Inhalte externer Links. F\u00fcr den Inhalt der verlinkten Seiten sind ausschlie\u00dflich deren Betreiber verantwortlich.<\/p>\n<p>Haftungsausschluss<br \/>\nDie Inhalte dieser Website wurden sorgf\u00e4ltig gepr\u00fcft und nach bestem Wissen erstellt. Dennoch wird f\u00fcr die hier dargebotenen Informationen kein Anspruch auf Vollst\u00e4ndigkeit, Aktualit\u00e4t, Qualit\u00e4t und Richtigkeit erhoben. Es kann keine Verantwortung f\u00fcr Sch\u00e4den \u00fcbernommen werden, die durch das Vertrauen auf die Inhalte dieser Website oder deren Gebrauch entstehen. Irrt\u00fcmer und \u00c4nderungen sind vorbehalten. Verl\u00e4sst sich ein Anwender auf diese Informationen, so geschieht dies auf eigenes Risiko. Die Kommunikation per E-Mail erfolgt in der Regel unverschl\u00fcsselt und kann unter Umst\u00e4nden von unberechtigten Dritten (Hacker) eingesehen werden. Dies nimmt der Anwender in Kauf und ber\u00fccksichtigt es bei der Angabe vertraulicher Informationen.<\/p>\n<p>Wir \u00fcbernehmen keinerlei Verantwortung oder Haftung f\u00fcr Sch\u00e4den jeder Form als Folge der Verwendung dieser Seiten. Ebenfalls erfolgt das Herunterladen von Daten jeder Art auf eigene Gefahr.<\/p>\n<p>Datenschutz<br \/>\nPersonenbezogene Daten werden nur mit Ihrem Wissen und Ihrer Einwilligung erhoben und niemals ohne Ihre Einwilligung an Dritte weitergegeben.<\/p>\n<p>Besonderer Hinweis zum HWG (Heilmittelwerbegesetz)<br \/>\nAus rechtlichen Gr\u00fcnden weisen wir besonders darauf hin, das bei keiner der aufgef\u00fchrten Therapien der Eindruck erweckt wird, das hier ein Heilungsversprechen unsererseits zugrunde liegt, bzw. Linderung oder Verbesserung einer Erkrankung garantiert oder versprochen wird.<\/p>\n<p>Hinweis f\u00fcr Abmahnungsversuche Sollten Sie der Meinung sein, einen Versto\u00df gegen gesetzliche Vorschriften z.B. des Wettbewerbsrechts zu sehen, so bitte ich um einen entsprechenden Hinweis. Ich werde diesen Hinweis unverz\u00fcglich pr\u00fcfen.<\/p>\n<p>Copyright<br \/>\nUrheberschutz und Nutzung: Sie d\u00fcrfen sich eine private Kopie f\u00fcr pers\u00f6nliche Zwecke anfertigen. Nicht berechtigt sind Sie dagegen, die Materialien zu ver\u00e4ndern, weiter zu geben oder selbst zu ver\u00f6ffentlichen. Wenn nicht anders vermerkt, liegen die Urheberrechte f\u00fcr Texter beim Eigent\u00fcmer dieser Webseite.<\/p>\n<p><strong>Allgemeine Datenschutzerkl\u00e4rung<\/strong><\/p>\n<p>Durch die Nutzung unserer Website erkl\u00e4ren Sie sich mit der Erhebung, Verarbeitung und Nutzung von Daten gem\u00e4\u00df der nachfolgenden Beschreibung einverstanden. Unsere Website kann grunds\u00e4tzlich ohne Registrierung besucht werden. Dabei werden Daten wie beispielsweise aufgerufene Seiten bzw. Namen der abgerufenen Datei, Datum und Uhrzeit zu statistischen Zwecken auf dem Server gespeichert, ohne dass diese Daten unmittelbar auf Ihre Person bezogen werden. Personenbezogene Daten, insbesondere Name, Adresse oder E-Mail-Adresse werden soweit m\u00f6glich auf freiwilliger Basis erhoben.<\/p>\n","protected":false},"excerpt":{"rendered":"<p>Aufsichtsbeh\u00f6rde: Gesundheitsamt Bergheim Berufsbezeichnung: Heilpraktiker Ph. Markus Weis Osteopathie und amerikanische Chiropraktik Anschrift: Vogelsanger Weg 6, 50354 H\u00fcrth. 02233-9390454 info@osteopathie-sport.com Berufsverband: EFDMA Lerchenfelder Stra\u00dfe 66-68 A-1080 Wien Zertifizierung nach den &#8230;<\/p>\n","protected":false},"author":1,"featured_media":0,"parent":0,"menu_order":0,"comment_status":"closed","ping_status":"open","template":"","meta":{"footnotes":""},"class_list":["post-14","page","type-page","status-publish","hentry"],"_links":{"self":[{"href":"https:\/\/www.osteopathie-sport.com\/index.php?rest_route=\/wp\/v2\/pages\/14","targetHints":{"allow":["GET"]}}],"collection":[{"href":"https:\/\/www.osteopathie-sport.com\/index.php?rest_route=\/wp\/v2\/pages"}],"about":[{"href":"https:\/\/www.osteopathie-sport.com\/index.php?rest_route=\/wp\/v2\/types\/page"}],"author":[{"embeddable":true,"href":"https:\/\/www.osteopathie-sport.com\/index.php?rest_route=\/wp\/v2\/users\/1"}],"replies":[{"embeddable":true,"href":"https:\/\/www.osteopathie-sport.com\/index.php?rest_route=%2Fwp%2Fv2%2Fcomments&post=14"}],"version-history":[{"count":10,"href":"https:\/\/www.osteopathie-sport.com\/index.php?rest_route=\/wp\/v2\/pages\/14\/revisions"}],"predecessor-version":[{"id":248,"href":"https:\/\/www.osteopathie-sport.com\/index.php?rest_route=\/wp\/v2\/pages\/14\/revisions\/248"}],"wp:attachment":[{"href":"https:\/\/www.osteopathie-sport.com\/index.php?rest_route=%2Fwp%2Fv2%2Fmedia&parent=14"}],"curies":[{"name":"wp","href":"https:\/\/api.w.org\/{rel}","templated":true}]}}